{"id":26762,"date":"2026-03-10T20:07:59","date_gmt":"2026-03-10T20:07:59","guid":{"rendered":"https:\/\/apopanda.de\/cannabis\/?page_id=26762"},"modified":"2026-03-10T20:07:59","modified_gmt":"2026-03-10T20:07:59","slug":"agb","status":"publish","type":"page","link":"https:\/\/apopanda.de\/cannabis\/agb\/","title":{"rendered":"AGB"},"content":{"rendered":"<p class=\"p1\"><b>Allgemeine Gesch\u00e4ftsbedingungen<\/b><\/p>\n<p class=\"p2\">I. VORBEMERKUNGEN<\/p>\n<p class=\"p3\"><span class=\"s1\">1. 2. <\/span>Der Shop unter <span class=\"s2\">https:\/\/www.apopanda.de<\/span> wird betrieben durch: APOPANDA, Sohir Ammar<\/p>\n<p class=\"p3\">e.K., Kurf\u00fcrstendamm 110<\/p>\n<p class=\"p3\">10711 Berlin. Sohir Ammar e.K.<\/p>\n<p class=\"p3\">APOPANDA verf\u00fcgt \u00fcber eine g\u00fcltige Erlaubnis zum Versand von Arzneimitteln<\/p>\n<p class=\"p3\">(\u201eVersandhandelserlaubnis\u201c) nach \u00a7\u00a7 43 Abs. 1 Satz 1 AMG, 11a ApoG und ist in das<\/p>\n<p class=\"p3\">Register des Bundesinstituts f\u00fcr Arzneimittel und Medizinprodukte (BfArM) eingetragen. Die<\/p>\n<p class=\"p3\">Eintragung k\u00f6nnen Sie jederzeit durch Klick auf das auf unserer Website <span class=\"s2\">https:\/\/<\/span><\/p>\n<p class=\"p3\"><span class=\"s2\">www.apopanda.de<\/span> eingebundene EU-Sicherheitslogo \u00fcberpr\u00fcfen.<\/p>\n<p class=\"p2\"><strong>II. ALLGEMEINE GESCH\u00c4FTSBEDINGUNGEN<\/strong><\/p>\n<p class=\"p3\"><strong>Inhalt:<\/strong><\/p>\n<p class=\"p3\"><span class=\"s1\">1. <\/span>Allgemeine Bestimmungen<\/p>\n<p class=\"p3\"><span class=\"s1\">2. <\/span>Vertragsschluss<\/p>\n<p class=\"p3\"><span class=\"s1\">3. <\/span>Versand und \u00dcbergabe<\/p>\n<p class=\"p3\"><span class=\"s1\">4. <\/span>Angebot eines Botendienstes<\/p>\n<p class=\"p3\"><span class=\"s1\">5. <\/span>Preise und Zahlungsmodalit\u00e4ten<\/p>\n<p class=\"p3\"><span class=\"s1\">6. <\/span>Beratung<\/p>\n<p class=\"p3\"><span class=\"s1\">7. <\/span>Verf\u00fcgbarkeit und Arzneimittelsicherheit<\/p>\n<p class=\"p3\"><span class=\"s1\">8. <\/span>Haftung<\/p>\n<p class=\"p3\"><span class=\"s1\">9. <\/span>Abholung in der Apotheke<\/p>\n<p class=\"p3\"><span class=\"s1\">10. <\/span>Alternative Streitbeilegung<\/p>\n<p class=\"p3\"><span class=\"s1\">11. <\/span>Bildrechte und Rechte an Produkttexten<\/p>\n<p class=\"p3\"><span class=\"s1\">12. <\/span>Widerrufsbelehrung<\/p>\n<p class=\"p3\"><span class=\"s1\">13. <\/span>Eigentumsvorbehalt<\/p>\n<p class=\"p3\"><span class=\"s1\">14. <\/span>Informationen zum Batteriegesetz \/ Elektro- und Elektronikger\u00e4tegesetz<\/p>\n<p class=\"p3\"><span class=\"s1\">15. <\/span>Schlussbestimmungen<\/p>\n<p class=\"p2\"><strong>1. ALLGEMEINE BESTIMMUNGEN<\/strong><\/p>\n<p class=\"p3\">1.1 Diese AGB gelten f\u00fcr alle Bestellungen, die Sie bei uns, APOPANDA, \u00fcber die Internetseite<\/p>\n<p class=\"p3\"><span class=\"s2\">https:\/\/www.apopanda.de<\/span> (nachfolgend: \u201eOnline-Shop\u201c) vornehmen. Abweichende,<\/p>\n<p class=\"p3\">entgegenstehende oder erg\u00e4nzende Allgemeine Gesch\u00e4ftsbedingungen von Ihnen werden nur<\/p>\n<p class=\"p3\">dann und insoweit Vertragsbestandteil, wenn wir der Geltung ausdr\u00fccklich zugestimmt haben.<\/p>\n<p class=\"p3\">1.2. Das Angebot unter <span class=\"s2\">https:\/\/www.apopanda.de<\/span> richtet sich ausschlie\u00dflich an Kunden, die<\/p>\n<p class=\"p3\">Verbraucher gem\u00e4\u00df \u00a7 13 BGB sind und das 18. Lebensjahr vollendet haben.<\/p>\n<p class=\"p3\">1.3. Die bereitgestellten Informationen im Online-Shop wurden sorgf\u00e4ltig gepr\u00fcft. Jedoch kann<\/p>\n<p class=\"p3\">keine Garantie f\u00fcr die st\u00e4ndige Vollst\u00e4ndigkeit und Aktualit\u00e4t \u00fcbernommen werden, insbesondere<\/p>\n<p class=\"p3\">bei Daten von pharmazeutischen Herstellern oder Dritten.<\/p>\n<p class=\"p3\">1.4. Es gelten stets diese AGB in ihrer jeweils zum Zeitpunkt des Vertragsschlusses g\u00fcltigen<\/p>\n<p class=\"p3\">Fassung. APOPANDA beh\u00e4lt sich das Recht vor, diese AGB f\u00fcr zuk\u00fcnftige Bestellungen<\/p>\n<p class=\"p2\"><span class=\"s3\">anzupassen.<\/p>\n<p><\/span><strong>2. VERTRAGSSCHLUSS<\/strong><\/p>\n<p class=\"p3\">2.1. Zur Nutzung des Online-Shops m\u00fcssen Sie einen Nutzer-Account er\u00f6\ufb00nen und<\/p>\n<p class=\"p3\">wahrheitsgem\u00e4\u00dfe Angaben machen. Sie sind verpflichtet, Ihre Zugangsdaten zu sch\u00fctzen. Bei<\/p>\n<p class=\"p3\">Verst\u00f6\u00dfen ist APOPANDA berechtigt, den Account zu sperren.<\/p>\n<p class=\"p3\">2.2. Die Pr\u00e4sentation der Produkte im Online-Shop ist kein rechtlich bindendes Angebot, sondern<\/p>\n<p class=\"p3\">eine Au\ufb00orderung zur Bestellung (invitatio ad o\ufb00erendum). Durch Anklicken des Buttons \u201eJetzt<\/p>\n<p class=\"p3\">kostenpflichtig bestellen\u201c geben Sie ein verbindliches Angebot ab.<\/p>\n<p class=\"p3\">2.3. Nach Eingang der Bestellung senden wir Ihnen die Bestelldaten und AGB per E-Mail zu.<\/p>\n<p class=\"p3\">Diese k\u00f6nnen auch unter <span class=\"s2\">https:\/\/www.apopanda.de\/agb\/<\/span> eingesehen werden.<\/p>\n<p class=\"p3\">2.4. Der Vertrag kommt erst durch unsere Annahmeerkl\u00e4rung (Bestellbest\u00e4tigung per E-Mail)<\/p>\n<p class=\"p3\">zustande.<\/p>\n<p class=\"p3\">2.5. Besonderheit bei Rezepten: Bei verschreibungspflichtigen Arzneimitteln stellt die<\/p>\n<p class=\"p3\">Bestellbest\u00e4tigung noch keine Annahme dar. Der Vertrag kommt erst nach Pr\u00fcfung des Original-<\/p>\n<p class=\"p3\">Rezepts (Papier oder E-Rezept) zustande. Die Rezept-Upload-Funktion dient lediglich der Vorab-<\/p>\n<p class=\"p3\">Pr\u00fcfung und Beschleunigung.<\/p>\n<p class=\"p2\"><strong>3. VERSAND UND \u00dcBERGABE<\/strong><\/p>\n<p class=\"p3\">3.1. Die \u00dcbergabe erfolgt nach Ihrer Wahl entweder durch Versand, Botendienst (siehe Zi\ufb00. 4)<\/p>\n<p class=\"p3\">oder Abholung vor Ort in der Apotheke.<\/p>\n<p class=\"p3\">3.2. Ein Versand erfolgt nicht, wenn ein besonderer Beratungsbedarf besteht, der nur im<\/p>\n<p class=\"p3\">pers\u00f6nlichen Kontakt durch einen Apotheker gedeckt werden kann (\u00a7 17 Abs. 2b ApBetrO).<\/p>\n<p class=\"p3\">3.3. Der Versand erfolgt innerhalb von 1-2 Arbeitstagen. Sollte ein Arzneimittel verf\u00fcgbar sein,<\/p>\n<p class=\"p3\">aber nicht innerhalb von 2 Arbeitstagen versendet werden k\u00f6nnen, werden Sie von APOPANDA<\/p>\n<p class=\"p3\">informiert.<\/p>\n<p class=\"p3\">3.4. Sind Sie oder ein Empfangsbote bei \u00dcbergabe nicht anwesend, erfolgt ein zweiter<\/p>\n<p class=\"p3\">Zustellversuch kostenfrei. Danach wird die Ware an uns zur\u00fcckgeschickt.<\/p>\n<p class=\"p3\">3.5. Bei Wahl der Abholung vor Ort kann die Ware in den Betriebsr\u00e4umen von APOPANDA,<\/p>\n<p class=\"p3\">Kurf\u00fcrstendamm 110<\/p>\n<p class=\"p3\">10711 Berlin, abgeholt werden.<\/p>\n<p class=\"p2\"><strong>4. ANGEBOT EINES BOTENDIENSTES<\/strong><\/p>\n<p class=\"p3\">4.1. Wir bieten einen Botendienst im Einzugsgebiet unserer Apotheke an. Die Zustellung erfolgt<\/p>\n<p class=\"p3\">durch weisungsgebundene Boten.<\/p>\n<p class=\"p3\">4.2. Etwaige Kosten f\u00fcr den Botendienst werden im Bestellprozess separat ausgewiesen.<\/p>\n<p class=\"p3\">4.3. Ein Botendienst erfolgt nur, wenn zuvor eine Beratung stattfand oder angeboten wurde und<\/p>\n<p class=\"p3\">(bei Rezepten) das Originalrezept vorliegt.<span class=\"s5\">5. PREISE UND ZAHLUNGSMODALIT\u00c4TEN<\/span><\/p>\n<p class=\"p3\">5.1. Es gelten die Preise zum Zeitpunkt der Bestellung inkl. MwSt.<\/p>\n<p class=\"p3\">5.2. Die verf\u00fcgbaren Zahlungsarten werden im Bestellprozess angezeigt.<\/p>\n<p class=\"p3\">5.3. Ein Recht zur Aufrechnung steht Ihnen nur bei rechtskr\u00e4ftig festgestellten oder von<\/p>\n<p class=\"p3\">APOPANDA anerkannten Gegenanspr\u00fcchen zu.<\/p>\n<p class=\"p2\"><strong>6. BERATUNG<\/strong><\/p>\n<p class=\"p3\">6.1. F\u00fcr die pharmazeutische Sicherheit ben\u00f6tigen wir Name, Anschrift, E-Mail und<\/p>\n<p class=\"p3\">Telefonnummer f\u00fcr R\u00fcckfragen.<\/p>\n<p class=\"p3\">6.2. Beratung erfolgt pers\u00f6nlich vor Ort, telefonisch oder per E-Mail.<\/p>\n<p class=\"p3\">6.3. Sie erreichen uns unter: Telefon: 030 89069670, APOPANDA, Kurf\u00fcrstendamm 110<\/p>\n<p class=\"p3\">10711 Berlin.<\/p>\n<p class=\"p2\"><strong>7. VERF\u00dcGBARKEIT UND ARZNEIMITTELSICHERHEIT<\/strong><\/p>\n<p class=\"p3\">7.1. APOPANDA liefert Arzneimittel, sofern diese im Geltungsbereich des AMG verkehrsf\u00e4hig und<\/p>\n<p class=\"p3\">verf\u00fcgbar sind.<\/p>\n<p class=\"p3\">7.2. Bei Verdacht auf Arzneimittelmissbrauch oder aus Gr\u00fcnden der Sicherheit behalten wir uns<\/p>\n<p class=\"p3\">vor, die Abgabe zu verweigern oder Mengen zu begrenzen.<\/p>\n<p class=\"p2\"><strong>8. HAFTUNG<\/strong><\/p>\n<p class=\"p3\">8.1. Es gelten die gesetzlichen M\u00e4ngelhaftungsrechte.<\/p>\n<p class=\"p3\">8.2. APOPANDA haftet unbeschr\u00e4nkt bei Vorsatz, grober Fahrl\u00e4ssigkeit sowie bei Verletzung von<\/p>\n<p class=\"p3\">Leben, K\u00f6rper oder Gesundheit.<\/p>\n<p class=\"p3\">8.3. Bei leichter Fahrl\u00e4ssigkeit haftet APOPANDA nur bei Verletzung wesentlicher Vertragspflichten<\/p>\n<p class=\"p3\">(Kardinalpflichten), begrenzt auf den vorhersehbaren, vertragstypischen Schaden.<\/p>\n<p class=\"p2\"><strong>9. ABHOLUNG IN DER APOTHEKE<\/strong><\/p>\n<p class=\"p3\">Die Ware kann w\u00e4hrend der ver\u00f6\ufb00entlichten \u00d6\ufb00nungszeiten in den Betriebsr\u00e4umen von<\/p>\n<p class=\"p2\"><span class=\"s3\">APOPANDA abgeholt werden.<\/span>10. ALTERNATIVE STREITBEILEGUNG<\/p>\n<p class=\"p3\">Die EU-Kommission stellt eine Plattform zur Online-Streitbeilegung (OS) bereit: <span class=\"s2\">http:\/\/<\/span><\/p>\n<p class=\"p3\"><span class=\"s2\">ec.europa.eu\/consumers\/odr\/<\/span>. APOPANDA ist zur Teilnahme an einem Streitbeilegungsverfahren<\/p>\n<p class=\"p3\">vor einer Verbraucherschlichtungsstelle nicht verpflichtet.<\/p>\n<p class=\"p2\"><strong>11. BILDRECHTE UND RECHTE AN PRODUKTTEXTEN<\/strong><\/p>\n<p class=\"p3\">Alle Rechte an Bildern und Texten liegen bei APOPANDA oder entsprechenden Partnern. Eine<\/p>\n<p class=\"p3\">Verwendung ohne Zustimmung ist untersagt.<\/p>\n<p class=\"p2\">12. WIDERRUFSBELEHRUNG<\/p>\n<p class=\"p3\">(Standard-Widerrufsrecht 14 Tage)<\/p>\n<p class=\"p3\">Empf\u00e4nger f\u00fcr den Widerruf: APOPANDA, Kurf\u00fcrstendamm 110<\/p>\n<p class=\"p3\">10711 Berlin, info@apopanda.de, 030 890696729<\/p>\n<p class=\"p3\">Hinweis: Gem\u00e4\u00df Zi\ufb00. 12.4 besteht kein Widerrufsrecht f\u00fcr versiegelte Waren, die aus Gr\u00fcnden des<\/p>\n<p class=\"p3\">Gesundheitsschutzes oder der Hygiene nicht zur R\u00fcckgabe geeignet sind, wenn ihre Versiegelung<\/p>\n<p class=\"p3\">nach der Lieferung entfernt wurde (h\u00e4ufig bei Arzneimitteln der Fall).<\/p>\n<p class=\"p2\"><strong>13. EIGENTUMSVORBEHALT<\/strong><\/p>\n<p class=\"p3\">Die Ware bleibt bis zur vollst\u00e4ndigen Bezahlung Eigentum von APOPANDA.<\/p>\n<p class=\"p2\"><strong>14. ENTSORGUNGSHINWEISE (BatterieG \/ ElektroG)<\/strong><\/p>\n<p class=\"p3\">Batterien und Elektroger\u00e4te d\u00fcrfen nicht im Hausm\u00fcll entsorgt werden. Sie k\u00f6nnen diese<\/p>\n<p class=\"p3\">unentgeltlich bei kommunalen Sammelstellen oder bei uns (in \u00fcblichen Mengen) zur\u00fcckgeben.<\/p>\n<p class=\"p2\"><strong>15. SCHLUSSBESTIMMUNGEN<\/strong><\/p>\n<p class=\"p3\">Es gilt das Recht der Bundesrepublik Deutschland. Sollten einzel<\/p>\n","protected":false},"excerpt":{"rendered":"<p>Allgemeine Gesch\u00e4ftsbedingungen I. VORBEMERKUNGEN 1. 2. Der Shop unter https:\/\/www.apopanda.de wird betrieben durch: APOPANDA, Sohir Ammar e.K., Kurf\u00fcrstendamm 110 10711 Berlin. Sohir Ammar e.K. APOPANDA verf\u00fcgt \u00fcber eine g\u00fcltige Erlaubnis zum Versand von Arzneimitteln (\u201eVersandhandelserlaubnis\u201c) nach \u00a7\u00a7 43 Abs. 1 Satz 1 AMG, 11a ApoG und ist in das Register des Bundesinstituts f\u00fcr Arzneimittel und [&hellip;]<\/p>\n","protected":false},"author":1,"featured_media":0,"parent":0,"menu_order":0,"comment_status":"closed","ping_status":"closed","template":"","meta":{"ngg_post_thumbnail":0,"footnotes":""},"class_list":["post-26762","page","type-page","status-publish","hentry"],"_links":{"self":[{"href":"https:\/\/apopanda.de\/cannabis\/wp-json\/wp\/v2\/pages\/26762","targetHints":{"allow":["GET"]}}],"collection":[{"href":"https:\/\/apopanda.de\/cannabis\/wp-json\/wp\/v2\/pages"}],"about":[{"href":"https:\/\/apopanda.de\/cannabis\/wp-json\/wp\/v2\/types\/page"}],"author":[{"embeddable":true,"href":"https:\/\/apopanda.de\/cannabis\/wp-json\/wp\/v2\/users\/1"}],"replies":[{"embeddable":true,"href":"https:\/\/apopanda.de\/cannabis\/wp-json\/wp\/v2\/comments?post=26762"}],"version-history":[{"count":1,"href":"https:\/\/apopanda.de\/cannabis\/wp-json\/wp\/v2\/pages\/26762\/revisions"}],"predecessor-version":[{"id":26763,"href":"https:\/\/apopanda.de\/cannabis\/wp-json\/wp\/v2\/pages\/26762\/revisions\/26763"}],"wp:attachment":[{"href":"https:\/\/apopanda.de\/cannabis\/wp-json\/wp\/v2\/media?parent=26762"}],"curies":[{"name":"wp","href":"https:\/\/api.w.org\/{rel}","templated":true}]}}