{"id":1028,"date":"2020-11-14T14:48:56","date_gmt":"2020-11-14T14:48:56","guid":{"rendered":"http:\/\/192.168.1.65:8000\/?page_id=1028"},"modified":"2026-03-16T10:07:55","modified_gmt":"2026-03-16T10:07:55","slug":"typography","status":"publish","type":"page","link":"https:\/\/apopanda.de\/cannabis\/typography\/","title":{"rendered":"REZEPTE"},"content":{"rendered":"\t\t<div data-elementor-type=\"wp-page\" data-elementor-id=\"1028\" class=\"elementor elementor-1028\">\n\t\t\t\t\t\t<section class=\"elementor-section elementor-top-section elementor-element elementor-element-13baa1c elementor-section-boxed elementor-section-height-default elementor-section-height-default\" data-id=\"13baa1c\" data-element_type=\"section\">\n\t\t\t\t\t\t<div class=\"elementor-container elementor-column-gap-default\">\n\t\t\t\t\t<div class=\"elementor-column elementor-col-100 elementor-top-column elementor-element elementor-element-5648310\" data-id=\"5648310\" data-element_type=\"column\">\n\t\t\t<div class=\"elementor-widget-wrap elementor-element-populated\">\n\t\t\t\t\t\t<div class=\"elementor-element elementor-element-b6439a4 elementor-drop-cap-yes elementor-drop-cap-view-framed elementor-widget elementor-widget-text-editor\" data-id=\"b6439a4\" data-element_type=\"widget\" data-settings=\"{&quot;drop_cap&quot;:&quot;yes&quot;}\" data-widget_type=\"text-editor.default\">\n\t\t\t\t<div class=\"elementor-widget-container\">\n\t\t\t\t\t\t\t\t\t<h2><strong>Telemedizinische \u00e4rztliche Anbieter<\/strong><\/h2><p>F\u00fcr die Beratung und Behandlung mit medizinischem Cannabis haben sich in den letzten Jahren telemedizinische Anbieter entwickelt, die umfangreiche Erfahrung in der Behandlung und Betreuung von Cannabispatienten aufbauen konnten. Wir stellen Ihnen an dieser Stelle eine freibleibende Liste uns bekannter \u00c4rzte zur Verf\u00fcgung und haben diese nach verschiedenen Kriterien gegliedert. Diese Auflistung erhebt keinen Anspruch auf Vollst\u00e4ndigkeit und wird st\u00e4ndig erweitert.<\/p><ul><li><a href=\"https:\/\/www.telecan.eu\/\" target=\"_blank\" rel=\"noopener\">Telecan<\/a><\/li><li><a href=\"https:\/\/canncura.de\/\" target=\"_blank\" rel=\"noopener\">canncura\u00a0<\/a><\/li><li><a href=\"https:\/\/www.algeacare.com\/\" target=\"_blank\" rel=\"noopener\">algea care<\/a><\/li><li><a href=\"https:\/\/123can.de\/\" target=\"_blank\" rel=\"noopener\">123Can \u2013 Dr. Henneberg<\/a> (Termine in Berlin vor Ort m\u00f6glich)<\/li><li><a href=\"https:\/\/www.5swan.de\/\" target=\"_blank\" rel=\"noopener\">5Swan<\/a><\/li><li><a href=\"https:\/\/revocan.de\/\" target=\"_blank\" rel=\"noopener\">Revocan<\/a><\/li><li>Dr. Anne-Kathrin Seibt<\/li><li><a href=\"https:\/\/evocan.de\/\" target=\"_blank\" rel=\"noopener\">Evocan<\/a><\/li><li><a href=\"https:\/\/magic-onehealth.com\/\" target=\"_blank\" rel=\"noopener\">Emanuel Johannes Rivoir<\/a><\/li><li><a href=\"https:\/\/doclindenthal.de\/\" target=\"_blank\" rel=\"noopener\">Daniel Lindenthal<\/a><\/li><li><span data-olk-copy-source=\"MessageBody\"><a href=\"https:\/\/privatpraxis-kernen.de\/\" target=\"_blank\" rel=\"noopener\">Privatpraxis Dr. med. univ. Kevin-Klaus Heinrich Winkler<\/a> (Termine vor Ort m\u00f6glich)<\/span><\/li><li><a href=\"https:\/\/canngo.express\/\" target=\"_blank\" rel=\"noopener\">CANNGO<\/a><\/li><li><a href=\"https:\/\/www.canflows.de\/?jiroo\" target=\"_blank\" rel=\"noopener\"><span data-olk-copy-source=\"MessageBody\">Canflows \u2013 Privatpraxis D. K\u00f6hler<\/span><\/a><\/li><li><a href=\"https:\/\/cannabis-shop.web.app\/?vendorId=0NI7AoaCQ6DHNKrilHov\" target=\"_blank\" rel=\"noopener\">Dr. Ansay<\/a><\/li><li><a href=\"https:\/\/medcanonestop.com\/cannabisblueten\/?sortieren=datum,absteigend&amp;apotheken=jiroo&amp;marke=551\" target=\"_blank\" rel=\"noopener\">MedcanOneStop<\/a><\/li><li><a href=\"https:\/\/greenmedical.health\/\" target=\"_blank\" rel=\"noopener\">Greenmedical<\/a><\/li><li><a href=\"https:\/\/www.canifyclinics.com\/?source=0b22fb4e-a131-4cee-bb53-72da855f459f\" target=\"_blank\" rel=\"noopener\">Canify Clinics<\/a><\/li><li><a href=\"https:\/\/privatrezept.net\/\" target=\"_blank\" rel=\"noopener\">Privatrezept.net<\/a><\/li><li><a href=\"https:\/\/www.nowomed.com\/de\/\" target=\"_blank\" rel=\"noopener\">nowomed<\/a><\/li><li><a href=\"https:\/\/app.docnow24.de\/shop?pharmacyId=8\" target=\"_blank\" rel=\"noopener\">docnow24<\/a><\/li><\/ul><p>APOPANDA steht mit keinem der genannten \u00c4rzte und Anbieter in einer rechtlichen Verbindung. Wenn Sie sich als \u00c4rztin oder Arzt auf die Behandlung von Cannabispatienten spezialisiert haben, nehmen wir Sie gerne in die obenstehende Liste auf.\u00a0<\/p>\t\t\t\t\t\t\t\t<\/div>\n\t\t\t\t<\/div>\n\t\t\t\t<div class=\"elementor-element elementor-element-4125584 elementor-widget elementor-widget-spacer\" data-id=\"4125584\" data-element_type=\"widget\" data-widget_type=\"spacer.default\">\n\t\t\t\t<div class=\"elementor-widget-container\">\n\t\t\t\t\t\t\t<div class=\"elementor-spacer\">\n\t\t\t<div class=\"elementor-spacer-inner\"><\/div>\n\t\t<\/div>\n\t\t\t\t\t\t<\/div>\n\t\t\t\t<\/div>\n\t\t\t\t<div class=\"elementor-element elementor-element-12a4b7f elementor-widget elementor-widget-spacer\" data-id=\"12a4b7f\" data-element_type=\"widget\" data-widget_type=\"spacer.default\">\n\t\t\t\t<div class=\"elementor-widget-container\">\n\t\t\t\t\t\t\t<div class=\"elementor-spacer\">\n\t\t\t<div class=\"elementor-spacer-inner\"><\/div>\n\t\t<\/div>\n\t\t\t\t\t\t<\/div>\n\t\t\t\t<\/div>\n\t\t\t\t<div class=\"elementor-element elementor-element-bbe0485 elementor-widget elementor-widget-spacer\" data-id=\"bbe0485\" data-element_type=\"widget\" data-widget_type=\"spacer.default\">\n\t\t\t\t<div class=\"elementor-widget-container\">\n\t\t\t\t\t\t\t<div class=\"elementor-spacer\">\n\t\t\t<div class=\"elementor-spacer-inner\"><\/div>\n\t\t<\/div>\n\t\t\t\t\t\t<\/div>\n\t\t\t\t<\/div>\n\t\t\t\t<section class=\"elementor-section elementor-inner-section elementor-element elementor-element-6b37f08 elementor-section-boxed elementor-section-height-default elementor-section-height-default\" data-id=\"6b37f08\" data-element_type=\"section\">\n\t\t\t\t\t\t<div class=\"elementor-container elementor-column-gap-default\">\n\t\t\t\t\t<div class=\"elementor-column elementor-col-100 elementor-inner-column elementor-element elementor-element-adb7ed1\" data-id=\"adb7ed1\" data-element_type=\"column\">\n\t\t\t<div class=\"elementor-widget-wrap elementor-element-populated\">\n\t\t\t\t\t\t<div class=\"elementor-element elementor-element-050a8b5 elementor-widget elementor-widget-spacer\" data-id=\"050a8b5\" data-element_type=\"widget\" data-widget_type=\"spacer.default\">\n\t\t\t\t<div class=\"elementor-widget-container\">\n\t\t\t\t\t\t\t<div class=\"elementor-spacer\">\n\t\t\t<div class=\"elementor-spacer-inner\"><\/div>\n\t\t<\/div>\n\t\t\t\t\t\t<\/div>\n\t\t\t\t<\/div>\n\t\t\t\t\t<\/div>\n\t\t<\/div>\n\t\t\t\t\t<\/div>\n\t\t<\/section>\n\t\t\t\t<div class=\"elementor-element elementor-element-117859a elementor-widget elementor-widget-spacer\" data-id=\"117859a\" data-element_type=\"widget\" data-widget_type=\"spacer.default\">\n\t\t\t\t<div class=\"elementor-widget-container\">\n\t\t\t\t\t\t\t<div class=\"elementor-spacer\">\n\t\t\t<div class=\"elementor-spacer-inner\"><\/div>\n\t\t<\/div>\n\t\t\t\t\t\t<\/div>\n\t\t\t\t<\/div>\n\t\t\t\t<div class=\"elementor-element elementor-element-69bba36 elementor-widget elementor-widget-spacer\" data-id=\"69bba36\" data-element_type=\"widget\" data-widget_type=\"spacer.default\">\n\t\t\t\t<div class=\"elementor-widget-container\">\n\t\t\t\t\t\t\t<div class=\"elementor-spacer\">\n\t\t\t<div class=\"elementor-spacer-inner\"><\/div>\n\t\t<\/div>\n\t\t\t\t\t\t<\/div>\n\t\t\t\t<\/div>\n\t\t\t\t<div class=\"elementor-element elementor-element-d893362 elementor-widget elementor-widget-spacer\" data-id=\"d893362\" data-element_type=\"widget\" data-widget_type=\"spacer.default\">\n\t\t\t\t<div class=\"elementor-widget-container\">\n\t\t\t\t\t\t\t<div class=\"elementor-spacer\">\n\t\t\t<div class=\"elementor-spacer-inner\"><\/div>\n\t\t<\/div>\n\t\t\t\t\t\t<\/div>\n\t\t\t\t<\/div>\n\t\t\t\t<div class=\"elementor-element elementor-element-a172e74 elementor-widget elementor-widget-spacer\" data-id=\"a172e74\" data-element_type=\"widget\" data-widget_type=\"spacer.default\">\n\t\t\t\t<div class=\"elementor-widget-container\">\n\t\t\t\t\t\t\t<div class=\"elementor-spacer\">\n\t\t\t<div class=\"elementor-spacer-inner\"><\/div>\n\t\t<\/div>\n\t\t\t\t\t\t<\/div>\n\t\t\t\t<\/div>\n\t\t\t\t\t<\/div>\n\t\t<\/div>\n\t\t\t\t\t<\/div>\n\t\t<\/section>\n\t\t\t\t<\/div>\n\t\t","protected":false},"excerpt":{"rendered":"<p>Telemedizinische \u00e4rztliche Anbieter F\u00fcr die Beratung und Behandlung mit medizinischem Cannabis haben sich in den letzten Jahren telemedizinische Anbieter entwickelt, die umfangreiche Erfahrung in der Behandlung und Betreuung von Cannabispatienten aufbauen konnten. Wir stellen Ihnen an dieser Stelle eine freibleibende Liste uns bekannter \u00c4rzte zur Verf\u00fcgung und haben diese nach verschiedenen Kriterien gegliedert. Diese Auflistung [&hellip;]<\/p>\n","protected":false},"author":1,"featured_media":0,"parent":0,"menu_order":0,"comment_status":"closed","ping_status":"closed","template":"","meta":{"ngg_post_thumbnail":0,"footnotes":""},"class_list":["post-1028","page","type-page","status-publish","hentry"],"_links":{"self":[{"href":"https:\/\/apopanda.de\/cannabis\/wp-json\/wp\/v2\/pages\/1028","targetHints":{"allow":["GET"]}}],"collection":[{"href":"https:\/\/apopanda.de\/cannabis\/wp-json\/wp\/v2\/pages"}],"about":[{"href":"https:\/\/apopanda.de\/cannabis\/wp-json\/wp\/v2\/types\/page"}],"author":[{"embeddable":true,"href":"https:\/\/apopanda.de\/cannabis\/wp-json\/wp\/v2\/users\/1"}],"replies":[{"embeddable":true,"href":"https:\/\/apopanda.de\/cannabis\/wp-json\/wp\/v2\/comments?post=1028"}],"version-history":[{"count":10,"href":"https:\/\/apopanda.de\/cannabis\/wp-json\/wp\/v2\/pages\/1028\/revisions"}],"predecessor-version":[{"id":26773,"href":"https:\/\/apopanda.de\/cannabis\/wp-json\/wp\/v2\/pages\/1028\/revisions\/26773"}],"wp:attachment":[{"href":"https:\/\/apopanda.de\/cannabis\/wp-json\/wp\/v2\/media?parent=1028"}],"curies":[{"name":"wp","href":"https:\/\/api.w.org\/{rel}","templated":true}]}}